{"id":191,"date":"2021-01-24T17:17:22","date_gmt":"2021-01-24T08:17:22","guid":{"rendered":"https:\/\/gap4ftt.net\/?page_id=191"},"modified":"2022-02-10T16:37:55","modified_gmt":"2022-02-10T07:37:55","slug":"books","status":"publish","type":"page","link":"https:\/\/gap4ftt.net\/fr\/books\/","title":{"rendered":"Livres"},"content":{"rendered":"<div data-elementor-type=\"wp-page\" data-elementor-id=\"191\" class=\"elementor elementor-191\">\n\t\t\t\t\t\t<section class=\"elementor-section elementor-top-section elementor-element elementor-element-cc83601 elementor-section-stretched elementor-section-boxed elementor-section-height-default elementor-section-height-default\" data-id=\"cc83601\" data-element_type=\"section\" data-e-type=\"section\" data-settings=\"{&quot;stretch_section&quot;:&quot;section-stretched&quot;,&quot;background_background&quot;:&quot;classic&quot;}\">\n\t\t\t\t\t\t\t<div class=\"elementor-background-overlay\"><\/div>\n\t\t\t\t\t\t\t<div class=\"elementor-container elementor-column-gap-default\">\n\t\t\t\t\t<div class=\"elementor-column elementor-col-100 elementor-top-column elementor-element elementor-element-1d9c095\" data-id=\"1d9c095\" data-element_type=\"column\" data-e-type=\"column\">\n\t\t\t<div class=\"elementor-widget-wrap elementor-element-populated\">\n\t\t\t\t\t\t<div class=\"elementor-element elementor-element-93400f7 elementor-widget elementor-widget-spacer\" data-id=\"93400f7\" data-element_type=\"widget\" data-e-type=\"widget\" data-widget_type=\"spacer.default\">\n\t\t\t\t<div class=\"elementor-widget-container\">\n\t\t\t\t\t\t\t<div class=\"elementor-spacer\">\n\t\t\t<div class=\"elementor-spacer-inner\"><\/div>\n\t\t<\/div>\n\t\t\t\t\t\t<\/div>\n\t\t\t\t<\/div>\n\t\t\t\t<div class=\"elementor-element elementor-element-e29f4aa elementor-widget elementor-widget-spacer\" data-id=\"e29f4aa\" data-element_type=\"widget\" data-e-type=\"widget\" data-widget_type=\"spacer.default\">\n\t\t\t\t<div class=\"elementor-widget-container\">\n\t\t\t\t\t\t\t<div class=\"elementor-spacer\">\n\t\t\t<div class=\"elementor-spacer-inner\"><\/div>\n\t\t<\/div>\n\t\t\t\t\t\t<\/div>\n\t\t\t\t<\/div>\n\t\t\t\t<section class=\"elementor-section elementor-inner-section elementor-element elementor-element-98dabcb elementor-section-boxed elementor-section-height-default elementor-section-height-default\" data-id=\"98dabcb\" data-element_type=\"section\" data-e-type=\"section\">\n\t\t\t\t\t\t<div class=\"elementor-container elementor-column-gap-default\">\n\t\t\t\t\t<div class=\"elementor-column elementor-col-100 elementor-inner-column elementor-element elementor-element-984474a\" data-id=\"984474a\" data-element_type=\"column\" data-e-type=\"column\">\n\t\t\t<div class=\"elementor-widget-wrap elementor-element-populated\">\n\t\t\t\t\t\t<div class=\"elementor-element elementor-element-dbed9db elementor-invisible elementor-widget elementor-widget-heading\" data-id=\"dbed9db\" data-element_type=\"widget\" data-e-type=\"widget\" data-settings=\"{&quot;_animation&quot;:&quot;fadeInRight&quot;}\" data-widget_type=\"heading.default\">\n\t\t\t\t<div class=\"elementor-widget-container\">\n\t\t\t\t\t<h2 class=\"elementor-heading-title elementor-size-default\">PR\u00c9PARER LE CHEMIN DE NOTRE ROI<\/h2>\t\t\t\t<\/div>\n\t\t\t\t<\/div>\n\t\t\t\t<div class=\"elementor-element elementor-element-c7b3350 elementor-widget elementor-widget-spacer\" data-id=\"c7b3350\" data-element_type=\"widget\" data-e-type=\"widget\" data-widget_type=\"spacer.default\">\n\t\t\t\t<div class=\"elementor-widget-container\">\n\t\t\t\t\t\t\t<div class=\"elementor-spacer\">\n\t\t\t<div class=\"elementor-spacer-inner\"><\/div>\n\t\t<\/div>\n\t\t\t\t\t\t<\/div>\n\t\t\t\t<\/div>\n\t\t\t\t\t<\/div>\n\t\t<\/div>\n\t\t\t\t\t<\/div>\n\t\t<\/section>\n\t\t\t\t<section class=\"elementor-section elementor-inner-section elementor-element elementor-element-8ddc794 elementor-section-boxed elementor-section-height-default elementor-section-height-default\" data-id=\"8ddc794\" data-element_type=\"section\" data-e-type=\"section\">\n\t\t\t\t\t\t<div class=\"elementor-container elementor-column-gap-default\">\n\t\t\t\t\t<div class=\"elementor-column elementor-col-25 elementor-inner-column elementor-element elementor-element-c59b1ed\" data-id=\"c59b1ed\" data-element_type=\"column\" data-e-type=\"column\">\n\t\t\t<div class=\"elementor-widget-wrap\">\n\t\t\t\t\t\t\t<\/div>\n\t\t<\/div>\n\t\t\t\t<div class=\"elementor-column elementor-col-25 elementor-inner-column elementor-element elementor-element-401e1e1\" data-id=\"401e1e1\" data-element_type=\"column\" data-e-type=\"column\" data-settings=\"{&quot;background_background&quot;:&quot;classic&quot;}\">\n\t\t\t<div class=\"elementor-widget-wrap elementor-element-populated\">\n\t\t\t\t\t\t<div class=\"elementor-element elementor-element-e90b7e1 elementor-widget elementor-widget-image\" data-id=\"e90b7e1\" data-element_type=\"widget\" data-e-type=\"widget\" data-widget_type=\"image.default\">\n\t\t\t\t<div class=\"elementor-widget-container\">\n\t\t\t\t\t\t\t\t\t\t\t\t\t\t\t\t<a href=\"https:\/\/read.amazon.com\/kp\/embed?asin=B08KYG366V&#038;preview=newtab&#038;linkCode=kpe&#038;ref_=cm_sw_r_kb_dp_9CDTXEB2AQV3RVM2VCQ8\">\n\t\t\t\t\t\t\t<img fetchpriority=\"high\" decoding=\"async\" data-attachment-id=\"430\" data-permalink=\"https:\/\/gap4ftt.net\/fr\/prepareway\/\" data-orig-file=\"https:\/\/gap4ftt.net\/wp-content\/uploads\/2021\/01\/prepareway.png\" data-orig-size=\"1121,1781\" data-comments-opened=\"1\" data-image-meta=\"{&quot;aperture&quot;:&quot;0&quot;,&quot;credit&quot;:&quot;&quot;,&quot;camera&quot;:&quot;&quot;,&quot;caption&quot;:&quot;&quot;,&quot;created_timestamp&quot;:&quot;0&quot;,&quot;copyright&quot;:&quot;&quot;,&quot;focal_length&quot;:&quot;0&quot;,&quot;iso&quot;:&quot;0&quot;,&quot;shutter_speed&quot;:&quot;0&quot;,&quot;title&quot;:&quot;&quot;,&quot;orientation&quot;:&quot;0&quot;}\" data-image-title=\"prepareway\" data-image-description=\"\" data-image-caption=\"\" data-large-file=\"https:\/\/gap4ftt.net\/wp-content\/uploads\/2021\/01\/prepareway.png\" width=\"645\" height=\"1024\" src=\"https:\/\/gap4ftt.net\/wp-content\/uploads\/2021\/01\/prepareway.png\" class=\"attachment-large size-large wp-image-430\" alt=\"\" \/>\t\t\t\t\t\t\t\t<\/a>\n\t\t\t\t\t\t\t\t\t\t\t\t\t\t\t<\/div>\n\t\t\t\t<\/div>\n\t\t\t\t\t<\/div>\n\t\t<\/div>\n\t\t\t\t<div class=\"elementor-column elementor-col-25 elementor-inner-column elementor-element elementor-element-c7f4b46\" data-id=\"c7f4b46\" data-element_type=\"column\" data-e-type=\"column\" data-settings=\"{&quot;background_background&quot;:&quot;classic&quot;}\">\n\t\t\t<div class=\"elementor-widget-wrap elementor-element-populated\">\n\t\t\t\t\t<div class=\"elementor-background-overlay\"><\/div>\n\t\t\t\t\t\t<div class=\"elementor-element elementor-element-11dd4fb elementor-widget elementor-widget-text-editor\" data-id=\"11dd4fb\" data-element_type=\"widget\" data-e-type=\"widget\" data-widget_type=\"text-editor.default\">\n\t\t\t\t<div class=\"elementor-widget-container\">\n\t\t\t\t\t\t\t\t\t<h6>par<b> Goong Kim (Auteur), Peter Kim (traducteur) | <a href=\"https:\/\/read.amazon.com\/kp\/embed?asin=B08KYG366V&amp;preview=newtab&amp;linkCode=kpe&amp;ref_=cm_sw_r_kb_dp_9CDTXEB2AQV3RVM2VCQ8\">\u00e9dition Kindle<\/a><\/b><\/h6><h6><span style=\"font-weight: var( --e-global-typography-text-font-weight ); font-family: var( --e-global-typography-text-font-family ), Sans-serif; color: var( --e-global-color-text );\">01 Le commencement<br \/>02 Un tournant<br \/>03 Progr\u00e8s des missions d&#039;implantation d&#039;\u00e9glises<br \/>04 Grandir<br \/>05 Missions d&#039;Implantation d&#039;Eglises : Principes et Pratique d&#039;un Point de Vue Pastoral<br \/>06 Infrastructure pour les missions d&#039;implantation d&#039;\u00e9glises<br \/>07 Fruit \u00ab\u00a0\u00e9ternel\u00a0\u00bb<br \/>08 Discipliner d&#039;autres \u00c9glises<br \/>09 Comment devenir une \u00e9glise qui accomplit la vision de Dieu<br \/>10 b\u00e9n\u00e9dictions au-del\u00e0 de toute mesure<br \/><\/span><\/h6>\t\t\t\t\t\t\t\t<\/div>\n\t\t\t\t<\/div>\n\t\t\t\t\t<\/div>\n\t\t<\/div>\n\t\t\t\t<div class=\"elementor-column elementor-col-25 elementor-inner-column elementor-element elementor-element-fd88c0d\" data-id=\"fd88c0d\" data-element_type=\"column\" data-e-type=\"column\">\n\t\t\t<div class=\"elementor-widget-wrap\">\n\t\t\t\t\t\t\t<\/div>\n\t\t<\/div>\n\t\t\t\t\t<\/div>\n\t\t<\/section>\n\t\t\t\t<div class=\"elementor-element elementor-element-a043fe8 elementor-widget elementor-widget-spacer\" data-id=\"a043fe8\" data-element_type=\"widget\" data-e-type=\"widget\" data-widget_type=\"spacer.default\">\n\t\t\t\t<div class=\"elementor-widget-container\">\n\t\t\t\t\t\t\t<div class=\"elementor-spacer\">\n\t\t\t<div class=\"elementor-spacer-inner\"><\/div>\n\t\t<\/div>\n\t\t\t\t\t\t<\/div>\n\t\t\t\t<\/div>\n\t\t\t\t<section class=\"elementor-section elementor-inner-section elementor-element elementor-element-ce77e7e elementor-section-boxed elementor-section-height-default elementor-section-height-default\" data-id=\"ce77e7e\" data-element_type=\"section\" data-e-type=\"section\" data-settings=\"{&quot;background_background&quot;:&quot;classic&quot;}\">\n\t\t\t\t\t\t\t<div class=\"elementor-background-overlay\"><\/div>\n\t\t\t\t\t\t\t<div class=\"elementor-container elementor-column-gap-default\">\n\t\t\t\t\t<div class=\"elementor-column elementor-col-33 elementor-inner-column elementor-element elementor-element-badb4d4\" data-id=\"badb4d4\" data-element_type=\"column\" data-e-type=\"column\">\n\t\t\t<div class=\"elementor-widget-wrap\">\n\t\t\t\t\t\t\t<\/div>\n\t\t<\/div>\n\t\t\t\t<div class=\"elementor-column elementor-col-33 elementor-inner-column elementor-element elementor-element-2548d2a\" data-id=\"2548d2a\" data-element_type=\"column\" data-e-type=\"column\" data-settings=\"{&quot;background_background&quot;:&quot;classic&quot;}\">\n\t\t\t<div class=\"elementor-widget-wrap elementor-element-populated\">\n\t\t\t\t\t\t<div class=\"elementor-element elementor-element-a958b37 elementor-testimonial--skin-default elementor-testimonial--layout-image_inline elementor-testimonial--align-center elementor-arrows-yes elementor-pagination-type-bullets elementor-widget elementor-widget-testimonial-carousel\" data-id=\"a958b37\" data-element_type=\"widget\" data-e-type=\"widget\" data-settings=\"{&quot;show_arrows&quot;:&quot;yes&quot;,&quot;pagination&quot;:&quot;bullets&quot;,&quot;speed&quot;:500,&quot;autoplay&quot;:&quot;yes&quot;,&quot;autoplay_speed&quot;:5000,&quot;loop&quot;:&quot;yes&quot;,&quot;pause_on_hover&quot;:&quot;yes&quot;,&quot;pause_on_interaction&quot;:&quot;yes&quot;,&quot;space_between&quot;:{&quot;unit&quot;:&quot;px&quot;,&quot;size&quot;:10,&quot;sizes&quot;:[]},&quot;space_between_tablet&quot;:{&quot;unit&quot;:&quot;px&quot;,&quot;size&quot;:10,&quot;sizes&quot;:[]},&quot;space_between_mobile&quot;:{&quot;unit&quot;:&quot;px&quot;,&quot;size&quot;:10,&quot;sizes&quot;:[]}}\" data-widget_type=\"testimonial-carousel.default\">\n\t\t\t\t<div class=\"elementor-widget-container\">\n\t\t\t\t\t\t\t<div class=\"elementor-swiper\">\n\t\t\t<div class=\"elementor-main-swiper swiper-container\">\n\t\t\t\t<div class=\"swiper-wrapper\">\n\t\t\t\t\t\t\t\t\t\t\t<div class=\"swiper-slide\">\n\t\t\t\t\t\t\t\t\t<div class=\"elementor-testimonial\">\n\t\t\t\t\t\t\t<div class=\"elementor-testimonial__content\">\n\t\t\t\t\t<div class=\"elementor-testimonial__text\">\n\t\t\t\t\t\tLorsque vous vous trouvez dans un champ couvert de neige, les empreintes de pas \u00e9parses de ceux qui sont pass\u00e9s avant peuvent \u00eatre plus d\u00e9routantes que la neige non foul\u00e9e. Dans une telle r\u00e9alit\u00e9 des missions parmi les \u00e9glises cor\u00e9ennes, ce livre indique le bon paradigme missionnaire bas\u00e9 sur une exp\u00e9rience r\u00e9elle dans le minist\u00e8re pastoral et dans les champs de mission. Puisse ce livre \u00eatre utilis\u00e9 pour restaurer la fonction missionnaire de l&#039;\u00c9glise et pr\u00e9parer le chemin de notre Seigneur.\t\t\t\t\t<\/div>\n\t\t\t\t\t\t\t\t\t<\/div>\n\t\t\t\t\t\t<div class=\"elementor-testimonial__footer\">\n\t\t\t\t\t\t\t\t\t<div class=\"elementor-testimonial__image\">\n\t\t\t\t\t\t<img decoding=\"async\" src=\"https:\/\/gap4ftt.net\/wp-content\/uploads\/2022\/02\/\ubc15\ubcf4\uc601\ubaa9\uc0ac\ub2d8-e1644478665665.jpg\" alt=\"Rev. Bo-Young Park\">\n\t\t\t\t\t<\/div>\n\t\t\t\t\t\t\t\t<cite class=\"elementor-testimonial__cite\"><span class=\"elementor-testimonial__name\">Parc du r\u00e9v\u00e9rend Bo-Young<\/span><span class=\"elementor-testimonial__title\">Centre de pri\u00e8re de la chambre haute de Mark<\/span><\/cite>\t\t\t<\/div>\n\t\t<\/div>\n\t\t\t\t\t\t\t\t<\/div>\n\t\t\t\t\t\t\t\t\t<\/div>\n\t\t\t\t\t\t\t<\/div>\n\t\t<\/div>\n\t\t\t\t\t\t<\/div>\n\t\t\t\t<\/div>\n\t\t\t\t\t<\/div>\n\t\t<\/div>\n\t\t\t\t<div class=\"elementor-column elementor-col-33 elementor-inner-column elementor-element elementor-element-85676c0\" data-id=\"85676c0\" data-element_type=\"column\" data-e-type=\"column\">\n\t\t\t<div class=\"elementor-widget-wrap\">\n\t\t\t\t\t\t\t<\/div>\n\t\t<\/div>\n\t\t\t\t\t<\/div>\n\t\t<\/section>\n\t\t\t\t<div class=\"elementor-element elementor-element-fc6323c elementor-widget elementor-widget-spacer\" data-id=\"fc6323c\" data-element_type=\"widget\" data-e-type=\"widget\" data-widget_type=\"spacer.default\">\n\t\t\t\t<div class=\"elementor-widget-container\">\n\t\t\t\t\t\t\t<div class=\"elementor-spacer\">\n\t\t\t<div class=\"elementor-spacer-inner\"><\/div>\n\t\t<\/div>\n\t\t\t\t\t\t<\/div>\n\t\t\t\t<\/div>\n\t\t\t\t\t<\/div>\n\t\t<\/div>\n\t\t\t\t\t<\/div>\n\t\t<\/section>\n\t\t\t\t<\/div>","protected":false},"excerpt":{"rendered":"<p>PR\u00c9PAREZ LA VOIE DE NOTRE ROI de Goong Kim (Auteur), Peter Kim (traducteur) | \u00c9dition Kindle 01 Le d\u00e9but02 Un tournant03 Progr\u00e8s des missions d&#039;implantation d&#039;\u00e9glises04 Croissance05 Missions d&#039;implantation d&#039;\u00e9glises : principes et pratiques d&#039;un point de vue pastoral06 Infrastructure pour les missions d&#039;implantation d&#039;\u00e9glises07 Fruit \u00ab \u00e9ternel \u00bb08 Faire des disciples d&#039;autres \u00e9glises09 Comment devenir une \u00e9glise qui\u2026 <\/p>\n<div class=\"link-more\"><a href=\"https:\/\/gap4ftt.net\/fr\/books\/\">Lire plus<\/a><\/div>","protected":false},"author":199132322,"featured_media":0,"parent":0,"menu_order":0,"comment_status":"closed","ping_status":"closed","template":"","meta":{"_crdt_document":"","advanced_seo_description":"","jetpack_seo_html_title":"","jetpack_seo_noindex":false,"footnotes":""},"class_list":["post-191","page","type-page","status-publish","hentry"],"jetpack_likes_enabled":false,"jetpack_sharing_enabled":true,"jetpack_shortlink":"https:\/\/wp.me\/PduPs9-35","amp_enabled":true,"_links":{"self":[{"href":"https:\/\/gap4ftt.net\/fr\/wp-json\/wp\/v2\/pages\/191","targetHints":{"allow":["GET"]}}],"collection":[{"href":"https:\/\/gap4ftt.net\/fr\/wp-json\/wp\/v2\/pages"}],"about":[{"href":"https:\/\/gap4ftt.net\/fr\/wp-json\/wp\/v2\/types\/page"}],"author":[{"embeddable":true,"href":"https:\/\/gap4ftt.net\/fr\/wp-json\/wp\/v2\/users\/199132322"}],"replies":[{"embeddable":true,"href":"https:\/\/gap4ftt.net\/fr\/wp-json\/wp\/v2\/comments?post=191"}],"version-history":[{"count":100,"href":"https:\/\/gap4ftt.net\/fr\/wp-json\/wp\/v2\/pages\/191\/revisions"}],"predecessor-version":[{"id":9387,"href":"https:\/\/gap4ftt.net\/fr\/wp-json\/wp\/v2\/pages\/191\/revisions\/9387"}],"wp:attachment":[{"href":"https:\/\/gap4ftt.net\/fr\/wp-json\/wp\/v2\/media?parent=191"}],"curies":[{"name":"wp","href":"https:\/\/api.w.org\/{rel}","templated":true}]}}