{"id":191,"date":"2021-01-24T17:17:22","date_gmt":"2021-01-24T08:17:22","guid":{"rendered":"https:\/\/gap4ftt.net\/?page_id=191"},"modified":"2022-02-10T16:37:55","modified_gmt":"2022-02-10T07:37:55","slug":"books","status":"publish","type":"page","link":"https:\/\/gap4ftt.net\/vi\/books\/","title":{"rendered":"S\u00e1ch"},"content":{"rendered":"<div data-elementor-type=\"wp-page\" data-elementor-id=\"191\" class=\"elementor elementor-191\">\n\t\t\t\t\t\t<section class=\"elementor-section elementor-top-section elementor-element elementor-element-cc83601 elementor-section-stretched elementor-section-boxed elementor-section-height-default elementor-section-height-default\" data-id=\"cc83601\" data-element_type=\"section\" data-e-type=\"section\" data-settings=\"{&quot;stretch_section&quot;:&quot;section-stretched&quot;,&quot;background_background&quot;:&quot;classic&quot;}\">\n\t\t\t\t\t\t\t<div class=\"elementor-background-overlay\"><\/div>\n\t\t\t\t\t\t\t<div class=\"elementor-container elementor-column-gap-default\">\n\t\t\t\t\t<div class=\"elementor-column elementor-col-100 elementor-top-column elementor-element elementor-element-1d9c095\" data-id=\"1d9c095\" data-element_type=\"column\" data-e-type=\"column\">\n\t\t\t<div class=\"elementor-widget-wrap elementor-element-populated\">\n\t\t\t\t\t\t<div class=\"elementor-element elementor-element-93400f7 elementor-widget elementor-widget-spacer\" data-id=\"93400f7\" data-element_type=\"widget\" data-e-type=\"widget\" data-widget_type=\"spacer.default\">\n\t\t\t\t<div class=\"elementor-widget-container\">\n\t\t\t\t\t\t\t<div class=\"elementor-spacer\">\n\t\t\t<div class=\"elementor-spacer-inner\"><\/div>\n\t\t<\/div>\n\t\t\t\t\t\t<\/div>\n\t\t\t\t<\/div>\n\t\t\t\t<div class=\"elementor-element elementor-element-e29f4aa elementor-widget elementor-widget-spacer\" data-id=\"e29f4aa\" data-element_type=\"widget\" data-e-type=\"widget\" data-widget_type=\"spacer.default\">\n\t\t\t\t<div class=\"elementor-widget-container\">\n\t\t\t\t\t\t\t<div class=\"elementor-spacer\">\n\t\t\t<div class=\"elementor-spacer-inner\"><\/div>\n\t\t<\/div>\n\t\t\t\t\t\t<\/div>\n\t\t\t\t<\/div>\n\t\t\t\t<section class=\"elementor-section elementor-inner-section elementor-element elementor-element-98dabcb elementor-section-boxed elementor-section-height-default elementor-section-height-default\" data-id=\"98dabcb\" data-element_type=\"section\" data-e-type=\"section\">\n\t\t\t\t\t\t<div class=\"elementor-container elementor-column-gap-default\">\n\t\t\t\t\t<div class=\"elementor-column elementor-col-100 elementor-inner-column elementor-element elementor-element-984474a\" data-id=\"984474a\" data-element_type=\"column\" data-e-type=\"column\">\n\t\t\t<div class=\"elementor-widget-wrap elementor-element-populated\">\n\t\t\t\t\t\t<div class=\"elementor-element elementor-element-dbed9db elementor-invisible elementor-widget elementor-widget-heading\" data-id=\"dbed9db\" data-element_type=\"widget\" data-e-type=\"widget\" data-settings=\"{&quot;_animation&quot;:&quot;fadeInRight&quot;}\" data-widget_type=\"heading.default\">\n\t\t\t\t<div class=\"elementor-widget-container\">\n\t\t\t\t\t<h2 class=\"elementor-heading-title elementor-size-default\">H\u00c3Y CHU\u1ea8N B\u1eca C\u00c1CH L\u00c0M VUA C\u1ee6A CH\u00daNG T\u00d4I<\/h2>\t\t\t\t<\/div>\n\t\t\t\t<\/div>\n\t\t\t\t<div class=\"elementor-element elementor-element-c7b3350 elementor-widget elementor-widget-spacer\" data-id=\"c7b3350\" data-element_type=\"widget\" data-e-type=\"widget\" data-widget_type=\"spacer.default\">\n\t\t\t\t<div class=\"elementor-widget-container\">\n\t\t\t\t\t\t\t<div class=\"elementor-spacer\">\n\t\t\t<div class=\"elementor-spacer-inner\"><\/div>\n\t\t<\/div>\n\t\t\t\t\t\t<\/div>\n\t\t\t\t<\/div>\n\t\t\t\t\t<\/div>\n\t\t<\/div>\n\t\t\t\t\t<\/div>\n\t\t<\/section>\n\t\t\t\t<section class=\"elementor-section elementor-inner-section elementor-element elementor-element-8ddc794 elementor-section-boxed elementor-section-height-default elementor-section-height-default\" data-id=\"8ddc794\" data-element_type=\"section\" data-e-type=\"section\">\n\t\t\t\t\t\t<div class=\"elementor-container elementor-column-gap-default\">\n\t\t\t\t\t<div class=\"elementor-column elementor-col-25 elementor-inner-column elementor-element elementor-element-c59b1ed\" data-id=\"c59b1ed\" data-element_type=\"column\" data-e-type=\"column\">\n\t\t\t<div class=\"elementor-widget-wrap\">\n\t\t\t\t\t\t\t<\/div>\n\t\t<\/div>\n\t\t\t\t<div class=\"elementor-column elementor-col-25 elementor-inner-column elementor-element elementor-element-401e1e1\" data-id=\"401e1e1\" data-element_type=\"column\" data-e-type=\"column\" data-settings=\"{&quot;background_background&quot;:&quot;classic&quot;}\">\n\t\t\t<div class=\"elementor-widget-wrap elementor-element-populated\">\n\t\t\t\t\t\t<div class=\"elementor-element elementor-element-e90b7e1 elementor-widget elementor-widget-image\" data-id=\"e90b7e1\" data-element_type=\"widget\" data-e-type=\"widget\" data-widget_type=\"image.default\">\n\t\t\t\t<div class=\"elementor-widget-container\">\n\t\t\t\t\t\t\t\t\t\t\t\t\t\t\t\t<a href=\"https:\/\/read.amazon.com\/kp\/embed?asin=B08KYG366V&#038;preview=newtab&#038;linkCode=kpe&#038;ref_=cm_sw_r_kb_dp_9CDTXEB2AQV3RVM2VCQ8\">\n\t\t\t\t\t\t\t<img fetchpriority=\"high\" decoding=\"async\" data-attachment-id=\"430\" data-permalink=\"https:\/\/gap4ftt.net\/vi\/prepareway\/\" data-orig-file=\"https:\/\/gap4ftt.net\/wp-content\/uploads\/2021\/01\/prepareway.png\" data-orig-size=\"1121,1781\" data-comments-opened=\"1\" data-image-meta=\"{&quot;aperture&quot;:&quot;0&quot;,&quot;credit&quot;:&quot;&quot;,&quot;camera&quot;:&quot;&quot;,&quot;caption&quot;:&quot;&quot;,&quot;created_timestamp&quot;:&quot;0&quot;,&quot;copyright&quot;:&quot;&quot;,&quot;focal_length&quot;:&quot;0&quot;,&quot;iso&quot;:&quot;0&quot;,&quot;shutter_speed&quot;:&quot;0&quot;,&quot;title&quot;:&quot;&quot;,&quot;orientation&quot;:&quot;0&quot;}\" data-image-title=\"prepareway\" data-image-description=\"\" data-image-caption=\"\" data-large-file=\"https:\/\/gap4ftt.net\/wp-content\/uploads\/2021\/01\/prepareway.png\" width=\"645\" height=\"1024\" src=\"https:\/\/gap4ftt.net\/wp-content\/uploads\/2021\/01\/prepareway.png\" class=\"attachment-large size-large wp-image-430\" alt=\"\" \/>\t\t\t\t\t\t\t\t<\/a>\n\t\t\t\t\t\t\t\t\t\t\t\t\t\t\t<\/div>\n\t\t\t\t<\/div>\n\t\t\t\t\t<\/div>\n\t\t<\/div>\n\t\t\t\t<div class=\"elementor-column elementor-col-25 elementor-inner-column elementor-element elementor-element-c7f4b46\" data-id=\"c7f4b46\" data-element_type=\"column\" data-e-type=\"column\" data-settings=\"{&quot;background_background&quot;:&quot;classic&quot;}\">\n\t\t\t<div class=\"elementor-widget-wrap elementor-element-populated\">\n\t\t\t\t\t<div class=\"elementor-background-overlay\"><\/div>\n\t\t\t\t\t\t<div class=\"elementor-element elementor-element-11dd4fb elementor-widget elementor-widget-text-editor\" data-id=\"11dd4fb\" data-element_type=\"widget\" data-e-type=\"widget\" data-widget_type=\"text-editor.default\">\n\t\t\t\t<div class=\"elementor-widget-container\">\n\t\t\t\t\t\t\t\t\t<h6>qua<b> Goong Kim (T\u00e1c gi\u1ea3), Peter Kim (d\u1ecbch gi\u1ea3) | <a href=\"https:\/\/read.amazon.com\/kp\/embed?asin=B08KYG366V&amp;preview=newtab&amp;linkCode=kpe&amp;ref_=cm_sw_r_kb_dp_9CDTXEB2AQV3RVM2VCQ8\">Phi\u00ean b\u1ea3n Kindle<\/a><\/b><\/h6><h6><span style=\"font-weight: var( --e-global-typography-text-font-weight ); font-family: var( --e-global-typography-text-font-family ), Sans-serif; color: var( --e-global-color-text );\">01 S\u1ef1 kh\u1edfi \u0111\u1ea7u<br \/>02 B\u01b0\u1edbc ngo\u1eb7t<br \/>03 Ti\u1ebfn tr\u00ecnh c\u1ee7a c\u00e1c Nhi\u1ec7m v\u1ee5 Tr\u1ed3ng c\u00e2y c\u1ee7a Nh\u00e0 th\u1edd<br \/>04 \u0110ang ph\u00e1t tri\u1ec3n<br \/>05 Nhi\u1ec7m v\u1ee5 Tr\u1ed3ng r\u1eebng c\u1ee7a Nh\u00e0 th\u1edd: C\u00e1c Nguy\u00ean t\u1eafc v\u00e0 Th\u1ef1c h\u00e0nh theo Quan \u0111i\u1ec3m M\u1ee5c v\u1ee5<br \/>06 C\u01a1 s\u1edf h\u1ea1 t\u1ea7ng cho c\u00e1c nhi\u1ec7m v\u1ee5 tr\u1ed3ng c\u00e2y c\u1ee7a nh\u00e0 th\u1edd<br \/>07 &#039;Tr\u00e1i c\u00e2y v\u0129nh c\u1eedu&#039;<br \/>08 k\u1ef7 lu\u1eadt c\u00e1c nh\u00e0 th\u1edd kh\u00e1c<br \/>09 L\u00e0m th\u1ebf n\u00e0o \u0111\u1ec3 tr\u1edf th\u00e0nh m\u1ed9t Gi\u00e1o h\u1ed9i th\u1ef1c hi\u1ec7n T\u1ea7m nh\u00ecn c\u1ee7a \u0110\u1ee9c Ch\u00faa Tr\u1eddi<br \/>10 ph\u01b0\u1edbc l\u00e0nh v\u01b0\u1ee3t xa th\u01b0\u1edbc \u0111o<br \/><\/span><\/h6>\t\t\t\t\t\t\t\t<\/div>\n\t\t\t\t<\/div>\n\t\t\t\t\t<\/div>\n\t\t<\/div>\n\t\t\t\t<div class=\"elementor-column elementor-col-25 elementor-inner-column elementor-element elementor-element-fd88c0d\" data-id=\"fd88c0d\" data-element_type=\"column\" data-e-type=\"column\">\n\t\t\t<div class=\"elementor-widget-wrap\">\n\t\t\t\t\t\t\t<\/div>\n\t\t<\/div>\n\t\t\t\t\t<\/div>\n\t\t<\/section>\n\t\t\t\t<div class=\"elementor-element elementor-element-a043fe8 elementor-widget elementor-widget-spacer\" data-id=\"a043fe8\" data-element_type=\"widget\" data-e-type=\"widget\" data-widget_type=\"spacer.default\">\n\t\t\t\t<div class=\"elementor-widget-container\">\n\t\t\t\t\t\t\t<div class=\"elementor-spacer\">\n\t\t\t<div class=\"elementor-spacer-inner\"><\/div>\n\t\t<\/div>\n\t\t\t\t\t\t<\/div>\n\t\t\t\t<\/div>\n\t\t\t\t<section class=\"elementor-section elementor-inner-section elementor-element elementor-element-ce77e7e elementor-section-boxed elementor-section-height-default elementor-section-height-default\" data-id=\"ce77e7e\" data-element_type=\"section\" data-e-type=\"section\" data-settings=\"{&quot;background_background&quot;:&quot;classic&quot;}\">\n\t\t\t\t\t\t\t<div class=\"elementor-background-overlay\"><\/div>\n\t\t\t\t\t\t\t<div class=\"elementor-container elementor-column-gap-default\">\n\t\t\t\t\t<div class=\"elementor-column elementor-col-33 elementor-inner-column elementor-element elementor-element-badb4d4\" data-id=\"badb4d4\" data-element_type=\"column\" data-e-type=\"column\">\n\t\t\t<div class=\"elementor-widget-wrap\">\n\t\t\t\t\t\t\t<\/div>\n\t\t<\/div>\n\t\t\t\t<div class=\"elementor-column elementor-col-33 elementor-inner-column elementor-element elementor-element-2548d2a\" data-id=\"2548d2a\" data-element_type=\"column\" data-e-type=\"column\" data-settings=\"{&quot;background_background&quot;:&quot;classic&quot;}\">\n\t\t\t<div class=\"elementor-widget-wrap elementor-element-populated\">\n\t\t\t\t\t\t<div class=\"elementor-element elementor-element-a958b37 elementor-testimonial--skin-default elementor-testimonial--layout-image_inline elementor-testimonial--align-center elementor-arrows-yes elementor-pagination-type-bullets elementor-widget elementor-widget-testimonial-carousel\" data-id=\"a958b37\" data-element_type=\"widget\" data-e-type=\"widget\" data-settings=\"{&quot;show_arrows&quot;:&quot;yes&quot;,&quot;pagination&quot;:&quot;bullets&quot;,&quot;speed&quot;:500,&quot;autoplay&quot;:&quot;yes&quot;,&quot;autoplay_speed&quot;:5000,&quot;loop&quot;:&quot;yes&quot;,&quot;pause_on_hover&quot;:&quot;yes&quot;,&quot;pause_on_interaction&quot;:&quot;yes&quot;,&quot;space_between&quot;:{&quot;unit&quot;:&quot;px&quot;,&quot;size&quot;:10,&quot;sizes&quot;:[]},&quot;space_between_tablet&quot;:{&quot;unit&quot;:&quot;px&quot;,&quot;size&quot;:10,&quot;sizes&quot;:[]},&quot;space_between_mobile&quot;:{&quot;unit&quot;:&quot;px&quot;,&quot;size&quot;:10,&quot;sizes&quot;:[]}}\" data-widget_type=\"testimonial-carousel.default\">\n\t\t\t\t<div class=\"elementor-widget-container\">\n\t\t\t\t\t\t\t<div class=\"elementor-swiper\">\n\t\t\t<div class=\"elementor-main-swiper swiper-container\">\n\t\t\t\t<div class=\"swiper-wrapper\">\n\t\t\t\t\t\t\t\t\t\t\t<div class=\"swiper-slide\">\n\t\t\t\t\t\t\t\t\t<div class=\"elementor-testimonial\">\n\t\t\t\t\t\t\t<div class=\"elementor-testimonial__content\">\n\t\t\t\t\t<div class=\"elementor-testimonial__text\">\n\t\t\t\t\t\tKhi \u0111\u1ee9ng tr\u00ean c\u00e1nh \u0111\u1ed3ng tuy\u1ebft ph\u1ee7, d\u1ea5u ch\u00e2n r\u1ea3i r\u00e1c c\u1ee7a nh\u1eefng ng\u01b0\u1eddi \u0111\u00e3 \u0111i tr\u01b0\u1edbc c\u00f3 th\u1ec3 g\u00e2y nh\u1ea7m l\u1eabn h\u01a1n so v\u1edbi tuy\u1ebft ch\u01b0a ph\u1ee7. Trong th\u1ef1c t\u1ebf v\u1ec1 vi\u1ec7c truy\u1ec1n gi\u00e1o gi\u1eefa c\u00e1c gi\u00e1o h\u1ed9i H\u00e0n Qu\u1ed1c, cu\u1ed1n s\u00e1ch n\u00e0y ch\u1ec9 ra m\u00f4 h\u00ecnh truy\u1ec1n gi\u00e1o \u0111\u00fang \u0111\u1eafn d\u1ef1a tr\u00ean kinh nghi\u1ec7m th\u1ef1c t\u1ebf trong m\u1ee5c v\u1ee5 v\u00e0 trong c\u00e1c l\u0129nh v\u1ef1c truy\u1ec1n gi\u00e1o. \u01af\u1edbc g\u00ec s\u00e1ch n\u00e0y \u0111\u01b0\u1ee3c d\u00f9ng \u0111\u1ec3 ph\u1ee5c h\u1ed3i ch\u1ee9c n\u0103ng truy\u1ec1n gi\u00e1o c\u1ee7a h\u1ed9i th\u00e1nh v\u00e0 d\u1ecdn \u0111\u01b0\u1eddng cho Ch\u00faa ch\u00fang ta.\t\t\t\t\t<\/div>\n\t\t\t\t\t\t\t\t\t<\/div>\n\t\t\t\t\t\t<div class=\"elementor-testimonial__footer\">\n\t\t\t\t\t\t\t\t\t<div class=\"elementor-testimonial__image\">\n\t\t\t\t\t\t<img decoding=\"async\" src=\"https:\/\/gap4ftt.net\/wp-content\/uploads\/2022\/02\/\ubc15\ubcf4\uc601\ubaa9\uc0ac\ub2d8-e1644478665665.jpg\" alt=\"Rev. Bo-Young Park\">\n\t\t\t\t\t<\/div>\n\t\t\t\t\t\t\t\t<cite class=\"elementor-testimonial__cite\"><span class=\"elementor-testimonial__name\">Rev. Bo-Young Park<\/span><span class=\"elementor-testimonial__title\">Trung t\u00e2m C\u1ea7u nguy\u1ec7n Ph\u00f2ng Ti\u1ec7c Ly c\u1ee7a Mark<\/span><\/cite>\t\t\t<\/div>\n\t\t<\/div>\n\t\t\t\t\t\t\t\t<\/div>\n\t\t\t\t\t\t\t\t\t<\/div>\n\t\t\t\t\t\t\t<\/div>\n\t\t<\/div>\n\t\t\t\t\t\t<\/div>\n\t\t\t\t<\/div>\n\t\t\t\t\t<\/div>\n\t\t<\/div>\n\t\t\t\t<div class=\"elementor-column elementor-col-33 elementor-inner-column elementor-element elementor-element-85676c0\" data-id=\"85676c0\" data-element_type=\"column\" data-e-type=\"column\">\n\t\t\t<div class=\"elementor-widget-wrap\">\n\t\t\t\t\t\t\t<\/div>\n\t\t<\/div>\n\t\t\t\t\t<\/div>\n\t\t<\/section>\n\t\t\t\t<div class=\"elementor-element elementor-element-fc6323c elementor-widget elementor-widget-spacer\" data-id=\"fc6323c\" data-element_type=\"widget\" data-e-type=\"widget\" data-widget_type=\"spacer.default\">\n\t\t\t\t<div class=\"elementor-widget-container\">\n\t\t\t\t\t\t\t<div class=\"elementor-spacer\">\n\t\t\t<div class=\"elementor-spacer-inner\"><\/div>\n\t\t<\/div>\n\t\t\t\t\t\t<\/div>\n\t\t\t\t<\/div>\n\t\t\t\t\t<\/div>\n\t\t<\/div>\n\t\t\t\t\t<\/div>\n\t\t<\/section>\n\t\t\t\t<\/div>","protected":false},"excerpt":{"rendered":"<p>CHU\u1ea8N B\u1eca \u0110\u01af\u1edcNG C\u1ee6A VUA C\u1ee6A CH\u00daNG T\u00d4I by Goong Kim (T\u00e1c gi\u1ea3), Peter Kim (d\u1ecbch gi\u1ea3) | Kindle Edition 01 S\u1ef1 kh\u1edfi \u0111\u1ea7u02 B\u01b0\u1edbc ngo\u1eb7t03 Ti\u1ebfn tr\u00ecnh c\u1ee7a c\u00e1c s\u1ee9 m\u1ec7nh m\u1edf mang h\u1ed9i th\u00e1nh04 Ph\u00e1t tri\u1ec3n05 C\u00e1c s\u1ee9 m\u1ec7nh m\u1edf mang h\u1ed9i th\u00e1nh: Nguy\u00ean t\u1eafc v\u00e0 th\u1ef1c h\u00e0nh t\u1eeb quan \u0111i\u1ec3m m\u1ee5c v\u1ee506 C\u01a1 s\u1edf h\u1ea1 t\u1ea7ng cho c\u00e1c s\u1ee9 m\u1ec7nh m\u1edf mang h\u1ed9i th\u00e1nh07 K\u1ebft qu\u1ea3 &#039;v\u0129nh c\u1eedu&#039;08 M\u00f4n \u0111\u1ed3 h\u00f3a c\u00e1c h\u1ed9i th\u00e1nh kh\u00e1c09 L\u00e0m th\u1ebf n\u00e0o \u0111\u1ec3 tr\u1edf th\u00e0nh m\u1ed9t h\u1ed9i th\u00e1nh\u2026 <\/p>\n<div class=\"link-more\"><a href=\"https:\/\/gap4ftt.net\/vi\/books\/\">\u0110\u1ecdc th\u00eam<\/a><\/div>","protected":false},"author":199132322,"featured_media":0,"parent":0,"menu_order":0,"comment_status":"closed","ping_status":"closed","template":"","meta":{"_crdt_document":"","advanced_seo_description":"","jetpack_seo_html_title":"","jetpack_seo_noindex":false,"footnotes":""},"class_list":["post-191","page","type-page","status-publish","hentry"],"jetpack_likes_enabled":false,"jetpack_sharing_enabled":true,"jetpack_shortlink":"https:\/\/wp.me\/PduPs9-35","amp_enabled":true,"_links":{"self":[{"href":"https:\/\/gap4ftt.net\/vi\/wp-json\/wp\/v2\/pages\/191","targetHints":{"allow":["GET"]}}],"collection":[{"href":"https:\/\/gap4ftt.net\/vi\/wp-json\/wp\/v2\/pages"}],"about":[{"href":"https:\/\/gap4ftt.net\/vi\/wp-json\/wp\/v2\/types\/page"}],"author":[{"embeddable":true,"href":"https:\/\/gap4ftt.net\/vi\/wp-json\/wp\/v2\/users\/199132322"}],"replies":[{"embeddable":true,"href":"https:\/\/gap4ftt.net\/vi\/wp-json\/wp\/v2\/comments?post=191"}],"version-history":[{"count":100,"href":"https:\/\/gap4ftt.net\/vi\/wp-json\/wp\/v2\/pages\/191\/revisions"}],"predecessor-version":[{"id":9387,"href":"https:\/\/gap4ftt.net\/vi\/wp-json\/wp\/v2\/pages\/191\/revisions\/9387"}],"wp:attachment":[{"href":"https:\/\/gap4ftt.net\/vi\/wp-json\/wp\/v2\/media?parent=191"}],"curies":[{"name":"wp","href":"https:\/\/api.w.org\/{rel}","templated":true}]}}