{"id":7595,"date":"2021-06-28T13:32:51","date_gmt":"2021-06-28T04:32:51","guid":{"rendered":"https:\/\/gap4ftt.net\/?page_id=7595"},"modified":"2022-02-10T16:14:49","modified_gmt":"2022-02-10T07:14:49","slug":"leadership","status":"publish","type":"page","link":"https:\/\/gap4ftt.net\/vi\/leadership\/","title":{"rendered":"Kh\u1ea3 n\u0103ng l\u00e3nh \u0111\u1ea1o"},"content":{"rendered":"<div data-elementor-type=\"wp-page\" data-elementor-id=\"7595\" class=\"elementor elementor-7595\">\n\t\t\t\t\t\t<section class=\"elementor-section elementor-top-section elementor-element elementor-element-f5c0caa elementor-section-stretched elementor-section-boxed elementor-section-height-default elementor-section-height-default\" data-id=\"f5c0caa\" data-element_type=\"section\" data-e-type=\"section\" data-settings=\"{&quot;stretch_section&quot;:&quot;section-stretched&quot;,&quot;background_background&quot;:&quot;classic&quot;}\">\n\t\t\t\t\t\t\t<div class=\"elementor-background-overlay\"><\/div>\n\t\t\t\t\t\t\t<div class=\"elementor-container elementor-column-gap-default\">\n\t\t\t\t\t<div class=\"elementor-column elementor-col-100 elementor-top-column elementor-element elementor-element-fa7d49b\" data-id=\"fa7d49b\" data-element_type=\"column\" data-e-type=\"column\">\n\t\t\t<div class=\"elementor-widget-wrap elementor-element-populated\">\n\t\t\t\t\t\t<div class=\"elementor-element elementor-element-c965b58 elementor-widget elementor-widget-spacer\" data-id=\"c965b58\" data-element_type=\"widget\" data-e-type=\"widget\" data-widget_type=\"spacer.default\">\n\t\t\t\t<div class=\"elementor-widget-container\">\n\t\t\t\t\t\t\t<div class=\"elementor-spacer\">\n\t\t\t<div class=\"elementor-spacer-inner\"><\/div>\n\t\t<\/div>\n\t\t\t\t\t\t<\/div>\n\t\t\t\t<\/div>\n\t\t\t\t<section class=\"elementor-section elementor-inner-section elementor-element elementor-element-1389c04 elementor-section-boxed elementor-section-height-default elementor-section-height-default\" data-id=\"1389c04\" data-element_type=\"section\" data-e-type=\"section\">\n\t\t\t\t\t\t<div class=\"elementor-container elementor-column-gap-default\">\n\t\t\t\t\t<div class=\"elementor-column elementor-col-100 elementor-inner-column elementor-element elementor-element-17915b9\" data-id=\"17915b9\" data-element_type=\"column\" data-e-type=\"column\">\n\t\t\t<div class=\"elementor-widget-wrap elementor-element-populated\">\n\t\t\t\t\t\t<div class=\"elementor-element elementor-element-6803a0d elementor-invisible elementor-widget elementor-widget-heading\" data-id=\"6803a0d\" data-element_type=\"widget\" data-e-type=\"widget\" data-settings=\"{&quot;_animation&quot;:&quot;fadeInRight&quot;}\" data-widget_type=\"heading.default\">\n\t\t\t\t<div class=\"elementor-widget-container\">\n\t\t\t\t\t<h2 class=\"elementor-heading-title elementor-size-default\">L\u00e3nh \u0111\u1ea1o GAP-FTT<\/h2>\t\t\t\t<\/div>\n\t\t\t\t<\/div>\n\t\t\t\t\t<\/div>\n\t\t<\/div>\n\t\t\t\t\t<\/div>\n\t\t<\/section>\n\t\t\t\t<div class=\"elementor-element elementor-element-186c6ec elementor-widget elementor-widget-spacer\" data-id=\"186c6ec\" data-element_type=\"widget\" data-e-type=\"widget\" data-widget_type=\"spacer.default\">\n\t\t\t\t<div class=\"elementor-widget-container\">\n\t\t\t\t\t\t\t<div class=\"elementor-spacer\">\n\t\t\t<div class=\"elementor-spacer-inner\"><\/div>\n\t\t<\/div>\n\t\t\t\t\t\t<\/div>\n\t\t\t\t<\/div>\n\t\t\t\t<section class=\"elementor-section elementor-inner-section elementor-element elementor-element-e0eae12 elementor-section-boxed elementor-section-height-default elementor-section-height-default\" data-id=\"e0eae12\" data-element_type=\"section\" data-e-type=\"section\">\n\t\t\t\t\t\t<div class=\"elementor-container elementor-column-gap-default\">\n\t\t\t\t\t<div class=\"elementor-column elementor-col-50 elementor-inner-column elementor-element elementor-element-3a74778\" data-id=\"3a74778\" data-element_type=\"column\" data-e-type=\"column\">\n\t\t\t<div class=\"elementor-widget-wrap elementor-element-populated\">\n\t\t\t\t\t\t<div class=\"elementor-element elementor-element-7a065f4 elementor-widget elementor-widget-image\" data-id=\"7a065f4\" data-element_type=\"widget\" data-e-type=\"widget\" data-widget_type=\"image.default\">\n\t\t\t\t<div class=\"elementor-widget-container\">\n\t\t\t\t\t\t\t\t\t\t\t\t\t\t\t<img fetchpriority=\"high\" decoding=\"async\" data-attachment-id=\"9164\" data-permalink=\"https:\/\/gap4ftt.net\/vi\/leadership\/kgh-headshot-gr\/\" data-orig-file=\"https:\/\/gap4ftt.net\/wp-content\/uploads\/2022\/02\/KGH-headshot-GR.png\" data-orig-size=\"229,301\" data-comments-opened=\"1\" data-image-meta=\"{&quot;aperture&quot;:&quot;0&quot;,&quot;credit&quot;:&quot;&quot;,&quot;camera&quot;:&quot;&quot;,&quot;caption&quot;:&quot;&quot;,&quot;created_timestamp&quot;:&quot;0&quot;,&quot;copyright&quot;:&quot;&quot;,&quot;focal_length&quot;:&quot;0&quot;,&quot;iso&quot;:&quot;0&quot;,&quot;shutter_speed&quot;:&quot;0&quot;,&quot;title&quot;:&quot;&quot;,&quot;orientation&quot;:&quot;0&quot;}\" data-image-title=\"KGH-headshot GR\" data-image-description=\"\" data-image-caption=\"\" data-large-file=\"https:\/\/gap4ftt.net\/wp-content\/uploads\/2022\/02\/KGH-headshot-GR.png\" width=\"228\" height=\"300\" src=\"https:\/\/gap4ftt.net\/wp-content\/uploads\/2022\/02\/KGH-headshot-GR.png\" class=\"attachment-medium size-medium wp-image-9164\" alt=\"\" srcset=\"https:\/\/gap4ftt.net\/wp-content\/uploads\/2022\/02\/KGH-headshot-GR.png 229w, https:\/\/gap4ftt.net\/wp-content\/uploads\/2022\/02\/KGH-headshot-GR-9x12.png 9w\" sizes=\"(max-width: 228px) 100vw, 228px\" \/>\t\t\t\t\t\t\t\t\t\t\t\t\t\t\t<\/div>\n\t\t\t\t<\/div>\n\t\t\t\t\t<\/div>\n\t\t<\/div>\n\t\t\t\t<div class=\"elementor-column elementor-col-50 elementor-inner-column elementor-element elementor-element-fb028d2\" data-id=\"fb028d2\" data-element_type=\"column\" data-e-type=\"column\">\n\t\t\t<div class=\"elementor-widget-wrap elementor-element-populated\">\n\t\t\t\t\t\t<div class=\"elementor-element elementor-element-d57eea4 elementor-widget elementor-widget-text-editor\" data-id=\"d57eea4\" data-element_type=\"widget\" data-e-type=\"widget\" data-widget_type=\"text-editor.default\">\n\t\t\t\t<div class=\"elementor-widget-container\">\n\t\t\t\t\t\t\t\t\t<h5 style=\"text-align: left;\"><span style=\"color: var( --e-global-color-text ); font-family: var( --e-global-typography-text-font-family ), Sans-serif; font-size: 1.7rem; letter-spacing: -0.2px;\"><strong>Linh m\u1ee5c Goong Kim<br \/><\/strong><\/span><span style=\"color: #4f4c4c; font-family: Abel, sans-serif; font-size: 17px; font-weight: 400; letter-spacing: -0.2px; text-align: start; text-transform: none;\">Ch\u1ee7 t\u1ecbch<\/span><\/h5>\t\t\t\t\t\t\t\t<\/div>\n\t\t\t\t<\/div>\n\t\t\t\t<div class=\"elementor-element elementor-element-aa8d10f elementor-widget elementor-widget-text-editor\" data-id=\"aa8d10f\" data-element_type=\"widget\" data-e-type=\"widget\" data-widget_type=\"text-editor.default\">\n\t\t\t\t<div class=\"elementor-widget-container\">\n\t\t\t\t\t\t\t\t\t<p>V\u1eeaA QUA:<br \/>\u2022 M\u1ee5c s\u01b0 Sr., <a href=\"http:\/\/maranathavc.org\">Nh\u00e0 th\u1edd Maranatha Vision<\/a><br \/>\u2022 \u0110\u1ed3ng ch\u1ee7 t\u1ecbch, GAP (\u0110\u1ed1i t\u00e1c h\u1ed7 tr\u1ee3 to\u00e0n c\u1ea7u)<br \/>\u2022 Ch\u1ee7 t\u1ecbch, Ban Qu\u1ed1c t\u1ebf c\u1ee7a ANLMC (H\u1ed9i \u0111\u1ed3ng c\u00e1c Gi\u00e1o h\u1ed9i Truy\u1ec1n gi\u00e1o \u0110\u1eddi s\u1ed1ng M\u1edbi, \u1ea4n \u0110\u1ed9)<br \/>\u2022 Gi\u00e1o s\u01b0, \u0110\u1ea1i h\u1ecdc Kyung-Hee (Seoul, H\u00e0n Qu\u1ed1c)<br \/>\u2022 CPA (K\u1ebf to\u00e1n c\u00f4ng ch\u1ee9ng), Hoa K\u1ef3<\/p><p>S\u00e1ch \u0111\u00e3 xu\u1ea5t b\u1ea3n: \u201cChu\u1ea9n b\u1ecb con \u0111\u01b0\u1eddng c\u1ee7a v\u1ecb vua c\u1ee7a ch\u00fang ta: M\u00f4 h\u00ecnh m\u1edbi c\u1ee7a th\u1eddi \u0111\u1ea1i h\u1eadu \u0111\u1ea1i d\u1ecbch\u201d (Amazon Kindle, 2020)<\/p>\t\t\t\t\t\t\t\t<\/div>\n\t\t\t\t<\/div>\n\t\t\t\t\t<\/div>\n\t\t<\/div>\n\t\t\t\t\t<\/div>\n\t\t<\/section>\n\t\t\t\t<div class=\"elementor-element elementor-element-c923c2b elementor-widget elementor-widget-spacer\" data-id=\"c923c2b\" data-element_type=\"widget\" data-e-type=\"widget\" data-widget_type=\"spacer.default\">\n\t\t\t\t<div class=\"elementor-widget-container\">\n\t\t\t\t\t\t\t<div class=\"elementor-spacer\">\n\t\t\t<div class=\"elementor-spacer-inner\"><\/div>\n\t\t<\/div>\n\t\t\t\t\t\t<\/div>\n\t\t\t\t<\/div>\n\t\t\t\t<section class=\"elementor-section elementor-inner-section elementor-element elementor-element-e27c996 elementor-section-boxed elementor-section-height-default elementor-section-height-default\" data-id=\"e27c996\" data-element_type=\"section\" data-e-type=\"section\">\n\t\t\t\t\t\t<div class=\"elementor-container elementor-column-gap-default\">\n\t\t\t\t\t<div class=\"elementor-column elementor-col-50 elementor-inner-column elementor-element elementor-element-286c489\" data-id=\"286c489\" data-element_type=\"column\" data-e-type=\"column\">\n\t\t\t<div class=\"elementor-widget-wrap elementor-element-populated\">\n\t\t\t\t\t\t<div class=\"elementor-element elementor-element-79122ec elementor-widget elementor-widget-image\" data-id=\"79122ec\" data-element_type=\"widget\" data-e-type=\"widget\" data-widget_type=\"image.default\">\n\t\t\t\t<div class=\"elementor-widget-container\">\n\t\t\t\t\t\t\t\t\t\t\t\t\t\t\t<img decoding=\"async\" data-attachment-id=\"7597\" data-permalink=\"https:\/\/gap4ftt.net\/vi\/leadership\/%eb%b0%95%ec%9d%b8%ec%9a%a9%eb%aa%a9%ec%82%ac%eb%8b%98\/\" data-orig-file=\"https:\/\/gap4ftt.net\/wp-content\/uploads\/2021\/06\/\ubc15\uc778\uc6a9\ubaa9\uc0ac\ub2d8.png\" data-orig-size=\"213,283\" data-comments-opened=\"1\" data-image-meta=\"{&quot;aperture&quot;:&quot;0&quot;,&quot;credit&quot;:&quot;&quot;,&quot;camera&quot;:&quot;&quot;,&quot;caption&quot;:&quot;&quot;,&quot;created_timestamp&quot;:&quot;0&quot;,&quot;copyright&quot;:&quot;&quot;,&quot;focal_length&quot;:&quot;0&quot;,&quot;iso&quot;:&quot;0&quot;,&quot;shutter_speed&quot;:&quot;0&quot;,&quot;title&quot;:&quot;&quot;,&quot;orientation&quot;:&quot;0&quot;}\" data-image-title=\"\ubc15\uc778\uc6a9\ubaa9\uc0ac\ub2d8\" data-image-description=\"\" data-image-caption=\"\" data-large-file=\"https:\/\/gap4ftt.net\/wp-content\/uploads\/2021\/06\/\ubc15\uc778\uc6a9\ubaa9\uc0ac\ub2d8.png\" width=\"213\" height=\"283\" src=\"https:\/\/gap4ftt.net\/wp-content\/uploads\/2021\/06\/\ubc15\uc778\uc6a9\ubaa9\uc0ac\ub2d8.png\" class=\"attachment-medium size-medium wp-image-7597\" alt=\"\" srcset=\"https:\/\/gap4ftt.net\/wp-content\/uploads\/2021\/06\/\ubc15\uc778\uc6a9\ubaa9\uc0ac\ub2d8.png 213w, https:\/\/gap4ftt.net\/wp-content\/uploads\/2021\/06\/\ubc15\uc778\uc6a9\ubaa9\uc0ac\ub2d8-9x12.png 9w, https:\/\/gap4ftt.net\/wp-content\/uploads\/2021\/06\/\ubc15\uc778\uc6a9\ubaa9\uc0ac\ub2d8-150x200.png?crop=1 150w\" sizes=\"(max-width: 213px) 100vw, 213px\" \/>\t\t\t\t\t\t\t\t\t\t\t\t\t\t\t<\/div>\n\t\t\t\t<\/div>\n\t\t\t\t\t<\/div>\n\t\t<\/div>\n\t\t\t\t<div class=\"elementor-column elementor-col-50 elementor-inner-column elementor-element elementor-element-3ee9d7c\" data-id=\"3ee9d7c\" data-element_type=\"column\" data-e-type=\"column\">\n\t\t\t<div class=\"elementor-widget-wrap elementor-element-populated\">\n\t\t\t\t\t\t<div class=\"elementor-element elementor-element-ff91926 elementor-widget elementor-widget-text-editor\" data-id=\"ff91926\" data-element_type=\"widget\" data-e-type=\"widget\" data-widget_type=\"text-editor.default\">\n\t\t\t\t<div class=\"elementor-widget-container\">\n\t\t\t\t\t\t\t\t\t<h5 style=\"text-align: left;\"><span style=\"color: var( --e-global-color-text ); font-family: var( --e-global-typography-text-font-family ), Sans-serif; font-size: 1.7rem; letter-spacing: -0.2px;\"><strong>Rev. In Yong Park<br \/><\/strong><\/span><span style=\"color: #4f4c4c; font-family: Abel, sans-serif; font-size: 17px; font-weight: 400; letter-spacing: -0.2px; text-align: start; text-transform: none;\">\u0110\u1ed3ng \u0111\u1ea1i di\u1ec7n<\/span><\/h5>\t\t\t\t\t\t\t\t<\/div>\n\t\t\t\t<\/div>\n\t\t\t\t<div class=\"elementor-element elementor-element-36b8cde elementor-widget elementor-widget-text-editor\" data-id=\"36b8cde\" data-element_type=\"widget\" data-e-type=\"widget\" data-widget_type=\"text-editor.default\">\n\t\t\t\t<div class=\"elementor-widget-container\">\n\t\t\t\t\t\t\t\t\t<p><span style=\"letter-spacing: -0.2px; text-align: center;\">\u2022 M\u1ee5c s\u01b0 Sr.,\u00a0<\/span><a style=\"background-color: #ffffff; letter-spacing: -0.2px; text-align: center;\" href=\"http:\/\/wwch.or.kr\/\">Nh\u00e0 th\u1edd to\u00e0n th\u1ebf gi\u1edbi<\/a><br \/>\u2022 Di\u1ec5n gi\u1ea3 kh\u00e1ch m\u1eddi, KOSTA<br \/>\u2022 Ch\u1ee7 t\u1ecbch, Ph\u00e1i \u0111o\u00e0n To\u00e0n c\u1ea7u (H\u00e0n Qu\u1ed1c)<\/p>\t\t\t\t\t\t\t\t<\/div>\n\t\t\t\t<\/div>\n\t\t\t\t\t<\/div>\n\t\t<\/div>\n\t\t\t\t\t<\/div>\n\t\t<\/section>\n\t\t\t\t<div class=\"elementor-element elementor-element-93e462b elementor-widget elementor-widget-spacer\" data-id=\"93e462b\" data-element_type=\"widget\" data-e-type=\"widget\" data-widget_type=\"spacer.default\">\n\t\t\t\t<div class=\"elementor-widget-container\">\n\t\t\t\t\t\t\t<div class=\"elementor-spacer\">\n\t\t\t<div class=\"elementor-spacer-inner\"><\/div>\n\t\t<\/div>\n\t\t\t\t\t\t<\/div>\n\t\t\t\t<\/div>\n\t\t\t\t<section class=\"elementor-section elementor-inner-section elementor-element elementor-element-d125c94 elementor-section-boxed elementor-section-height-default elementor-section-height-default\" data-id=\"d125c94\" data-element_type=\"section\" data-e-type=\"section\">\n\t\t\t\t\t\t<div class=\"elementor-container elementor-column-gap-default\">\n\t\t\t\t\t<div class=\"elementor-column elementor-col-50 elementor-inner-column elementor-element elementor-element-46fdb38\" data-id=\"46fdb38\" data-element_type=\"column\" data-e-type=\"column\">\n\t\t\t<div class=\"elementor-widget-wrap elementor-element-populated\">\n\t\t\t\t\t\t<div class=\"elementor-element elementor-element-28c7d2f elementor-widget elementor-widget-image\" data-id=\"28c7d2f\" data-element_type=\"widget\" data-e-type=\"widget\" data-widget_type=\"image.default\">\n\t\t\t\t<div class=\"elementor-widget-container\">\n\t\t\t\t\t\t\t\t\t\t\t\t\t\t\t<img decoding=\"async\" data-attachment-id=\"7610\" data-permalink=\"https:\/\/gap4ftt.net\/vi\/leadership\/%ed%99%8d%eb%ac%b8%ec%88%983png\/\" data-orig-file=\"https:\/\/gap4ftt.net\/wp-content\/uploads\/2021\/06\/\ud64d\ubb38\uc2183png.png\" data-orig-size=\"416,537\" data-comments-opened=\"1\" data-image-meta=\"{&quot;aperture&quot;:&quot;0&quot;,&quot;credit&quot;:&quot;&quot;,&quot;camera&quot;:&quot;&quot;,&quot;caption&quot;:&quot;&quot;,&quot;created_timestamp&quot;:&quot;0&quot;,&quot;copyright&quot;:&quot;&quot;,&quot;focal_length&quot;:&quot;0&quot;,&quot;iso&quot;:&quot;0&quot;,&quot;shutter_speed&quot;:&quot;0&quot;,&quot;title&quot;:&quot;&quot;,&quot;orientation&quot;:&quot;0&quot;}\" data-image-title=\"\ud64d\ubb38\uc2183png\" data-image-description=\"\" data-image-caption=\"\" data-large-file=\"https:\/\/gap4ftt.net\/wp-content\/uploads\/2021\/06\/\ud64d\ubb38\uc2183png.png\" width=\"232\" height=\"300\" src=\"https:\/\/gap4ftt.net\/wp-content\/uploads\/2021\/06\/\ud64d\ubb38\uc2183png-232x300.png\" class=\"attachment-medium size-medium wp-image-7610\" alt=\"\" srcset=\"https:\/\/gap4ftt.net\/wp-content\/uploads\/2021\/06\/\ud64d\ubb38\uc2183png-232x300.png 232w, https:\/\/gap4ftt.net\/wp-content\/uploads\/2021\/06\/\ud64d\ubb38\uc2183png-9x12.png 9w, https:\/\/gap4ftt.net\/wp-content\/uploads\/2021\/06\/\ud64d\ubb38\uc2183png.png 416w\" sizes=\"(max-width: 232px) 100vw, 232px\" \/>\t\t\t\t\t\t\t\t\t\t\t\t\t\t\t<\/div>\n\t\t\t\t<\/div>\n\t\t\t\t\t<\/div>\n\t\t<\/div>\n\t\t\t\t<div class=\"elementor-column elementor-col-50 elementor-inner-column elementor-element elementor-element-adf2614\" data-id=\"adf2614\" data-element_type=\"column\" data-e-type=\"column\">\n\t\t\t<div class=\"elementor-widget-wrap elementor-element-populated\">\n\t\t\t\t\t\t<div class=\"elementor-element elementor-element-71718b2 elementor-widget elementor-widget-text-editor\" data-id=\"71718b2\" data-element_type=\"widget\" data-e-type=\"widget\" data-widget_type=\"text-editor.default\">\n\t\t\t\t<div class=\"elementor-widget-container\">\n\t\t\t\t\t\t\t\t\t<h5 style=\"text-align: left;\"><span style=\"color: var( --e-global-color-text ); font-family: var( --e-global-typography-text-font-family ), Sans-serif; font-size: 1.7rem; letter-spacing: -0.2px;\"><strong>Rev. In Yong Park<br \/><\/strong><\/span><span style=\"color: #4f4c4c; font-family: Abel, sans-serif; font-size: 17px; font-weight: 400; letter-spacing: -0.2px; text-align: start; text-transform: none;\">\u0110\u1ed3ng \u0111\u1ea1i di\u1ec7n<\/span><\/h5>\t\t\t\t\t\t\t\t<\/div>\n\t\t\t\t<\/div>\n\t\t\t\t<div class=\"elementor-element elementor-element-a8b8b4e elementor-widget elementor-widget-text-editor\" data-id=\"a8b8b4e\" data-element_type=\"widget\" data-e-type=\"widget\" data-widget_type=\"text-editor.default\">\n\t\t\t\t<div class=\"elementor-widget-container\">\n\t\t\t\t\t\t\t\t\t<p><span style=\"color: var( --e-global-color-text ); font-family: var( --e-global-typography-text-font-family ), Sans-serif; font-weight: var( --e-global-typography-text-font-weight ); font-size: 1.7rem; letter-spacing: -0.2px;\">\u2022\u00a0<\/span><span style=\"letter-spacing: -0.2px; text-align: center;\">M\u1ee5c s\u01b0 Sr.,\u00a0<\/span><a style=\"background-color: #ffffff; letter-spacing: -0.2px; text-align: center;\" href=\"http:\/\/sbpch.com\/\">Nh\u00e0 th\u1edd Sin B\u1ea3n P\u00f4<\/a><br \/><span style=\"letter-spacing: -0.2px;\">\u2022\u00a0<\/span>Gi\u00e1m \u0111\u1ed1c h\u1ed9i \u0111\u1ed3ng danh d\u1ef1, Communaut\u00e9 Cor\u00e9enne des Missions pour la Francophonie<br \/><span style=\"letter-spacing: -0.2px;\">\u2022 Gi\u00e1m \u0111\u1ed1c h\u1ed9i \u0111\u1ed3ng qu\u1ea3n tr\u1ecb, Trung t\u00e2m \u0111\u00e0o t\u1ea1o OM Korea<br \/>\u2022 Th\u00e0nh vi\u00ean h\u1ed9i \u0111\u1ed3ng qu\u1ea3n tr\u1ecb, GMP (H\u00e0n Qu\u1ed1c)<br \/>\u2022 Ch\u1ee7 t\u1ecbch, \u0110\u1ed1i t\u00e1c truy\u1ec1n gi\u00e1o (H\u00e0n Qu\u1ed1c)<br \/><\/span><\/p>\t\t\t\t\t\t\t\t<\/div>\n\t\t\t\t<\/div>\n\t\t\t\t\t<\/div>\n\t\t<\/div>\n\t\t\t\t\t<\/div>\n\t\t<\/section>\n\t\t\t\t<div class=\"elementor-element elementor-element-d30da32 elementor-widget elementor-widget-spacer\" data-id=\"d30da32\" data-element_type=\"widget\" data-e-type=\"widget\" data-widget_type=\"spacer.default\">\n\t\t\t\t<div class=\"elementor-widget-container\">\n\t\t\t\t\t\t\t<div class=\"elementor-spacer\">\n\t\t\t<div class=\"elementor-spacer-inner\"><\/div>\n\t\t<\/div>\n\t\t\t\t\t\t<\/div>\n\t\t\t\t<\/div>\n\t\t\t\t\t<\/div>\n\t\t<\/div>\n\t\t\t\t\t<\/div>\n\t\t<\/section>\n\t\t\t\t<\/div>","protected":false},"excerpt":{"rendered":"<p>L\u00e3nh \u0111\u1ea1o GAP-FTT Linh m\u1ee5c Goong KimCh\u1ee7 t\u1ecbch QU\u00c1I V\u1eacT:\u2192 M\u1ee5c s\u01b0, Nh\u00e0 th\u1edd Maranatha Vision\u30fb \u0110\u1ed3ng ch\u1ee7 t\u1ecbch, GAP (\u0110\u1ed1i t\u00e1c h\u1ed7 tr\u1ee3 to\u00e0n c\u1ea7u) \u2022 Ch\u1ee7 t\u1ecbch, H\u1ed9i \u0111\u1ed3ng qu\u1ed1c t\u1ebf c\u1ee7a ANLMC (H\u1ed9i c\u00e1c nh\u00e0 th\u1edd truy\u1ec1n gi\u00e1o cu\u1ed9c s\u1ed1ng m\u1edbi, \u1ea4n \u0110\u1ed9)\u2192 Gi\u00e1o s\u01b0, Kyung -\u0110\u1ea1i h\u1ecdc Hee (Seoul, H\u00e0n Qu\u1ed1c)\u2192 CPA (Certified Public Accounting), M\u1ef9 Xu\u1ea5t b\u1ea3n s\u00e1ch: \u201cPrepare the Way of Our King: New Paradigm of the post-pandigm age\u201d (Amazon Kindle, 2020)\u2026 <\/p>\n<div class=\"link-more\"><a href=\"https:\/\/gap4ftt.net\/vi\/leadership\/\">\u0110\u1ecdc th\u00eam<\/a><\/div>","protected":false},"author":199132322,"featured_media":0,"parent":0,"menu_order":0,"comment_status":"closed","ping_status":"closed","template":"","meta":{"_crdt_document":"","advanced_seo_description":"","jetpack_seo_html_title":"","jetpack_seo_noindex":false,"jetpack_post_was_ever_published":false,"footnotes":""},"class_list":["post-7595","page","type-page","status-publish","hentry"],"jetpack_likes_enabled":false,"jetpack_sharing_enabled":true,"jetpack_shortlink":"https:\/\/wp.me\/PduPs9-1Yv","amp_enabled":true,"_links":{"self":[{"href":"https:\/\/gap4ftt.net\/vi\/wp-json\/wp\/v2\/pages\/7595","targetHints":{"allow":["GET"]}}],"collection":[{"href":"https:\/\/gap4ftt.net\/vi\/wp-json\/wp\/v2\/pages"}],"about":[{"href":"https:\/\/gap4ftt.net\/vi\/wp-json\/wp\/v2\/types\/page"}],"author":[{"embeddable":true,"href":"https:\/\/gap4ftt.net\/vi\/wp-json\/wp\/v2\/users\/199132322"}],"replies":[{"embeddable":true,"href":"https:\/\/gap4ftt.net\/vi\/wp-json\/wp\/v2\/comments?post=7595"}],"version-history":[{"count":50,"href":"https:\/\/gap4ftt.net\/vi\/wp-json\/wp\/v2\/pages\/7595\/revisions"}],"predecessor-version":[{"id":9345,"href":"https:\/\/gap4ftt.net\/vi\/wp-json\/wp\/v2\/pages\/7595\/revisions\/9345"}],"wp:attachment":[{"href":"https:\/\/gap4ftt.net\/vi\/wp-json\/wp\/v2\/media?parent=7595"}],"curies":[{"name":"wp","href":"https:\/\/api.w.org\/{rel}","templated":true}]}}